{"id":49,"date":"2023-02-13T11:21:20","date_gmt":"2023-02-13T11:21:20","guid":{"rendered":"https:\/\/ilz-steuerberatung.de\/?page_id=49"},"modified":"2023-02-20T17:25:18","modified_gmt":"2023-02-20T17:25:18","slug":"stellenangebote","status":"publish","type":"page","link":"https:\/\/ilz-steuerberatung.de\/ru\/stellenangebote\/","title":{"rendered":"\u0412\u0430\u043a\u0430\u043d\u0441\u0438\u0438"},"content":{"rendered":"<div data-elementor-type=\"wp-page\" data-elementor-id=\"49\" class=\"elementor elementor-49\" data-elementor-post-type=\"page\">\n\t\t\t\t\t\t<section class=\"elementor-section elementor-top-section elementor-element elementor-element-7a904851 elementor-section-height-min-height elementor-section-boxed elementor-section-height-default elementor-section-items-middle\" data-id=\"7a904851\" data-element_type=\"section\" data-e-type=\"section\" data-settings=\"{&quot;background_background&quot;:&quot;classic&quot;}\">\n\t\t\t\t\t\t<div class=\"elementor-container elementor-column-gap-default\">\n\t\t\t\t\t<div class=\"elementor-column elementor-col-100 elementor-top-column elementor-element elementor-element-713c1f71\" data-id=\"713c1f71\" data-element_type=\"column\" data-e-type=\"column\">\n\t\t\t<div class=\"elementor-widget-wrap elementor-element-populated\">\n\t\t\t\t\t\t<div class=\"elementor-element elementor-element-0b8be6f elementor-widget elementor-widget-text-editor\" data-id=\"0b8be6f\" data-element_type=\"widget\" data-e-type=\"widget\" data-widget_type=\"text-editor.default\">\n\t\t\t\t<div class=\"elementor-widget-container\">\n\t\t\t\t\t\t\t\t\t<p>Karriere<\/p>\t\t\t\t\t\t\t\t<\/div>\n\t\t\t\t<\/div>\n\t\t\t\t<div class=\"elementor-element elementor-element-1b054f73 elementor-widget elementor-widget-heading\" data-id=\"1b054f73\" data-element_type=\"widget\" data-e-type=\"widget\" data-widget_type=\"heading.default\">\n\t\t\t\t<div class=\"elementor-widget-container\">\n\t\t\t\t\t<h1 class=\"elementor-heading-title elementor-size-default\">\u0412\u0430\u043a\u0430\u043d\u0441\u0438\u0438<\/h1>\t\t\t\t<\/div>\n\t\t\t\t<\/div>\n\t\t\t\t\t<\/div>\n\t\t<\/div>\n\t\t\t\t\t<\/div>\n\t\t<\/section>\n\t\t\t\t<section class=\"elementor-section elementor-top-section elementor-element elementor-element-7cdb10df elementor-section-boxed elementor-section-height-default elementor-section-height-default\" data-id=\"7cdb10df\" data-element_type=\"section\" data-e-type=\"section\">\n\t\t\t\t\t\t<div class=\"elementor-container elementor-column-gap-default\">\n\t\t\t\t\t<div class=\"elementor-column elementor-col-50 elementor-top-column elementor-element elementor-element-382d2bc1\" data-id=\"382d2bc1\" data-element_type=\"column\" data-e-type=\"column\">\n\t\t\t<div class=\"elementor-widget-wrap elementor-element-populated\">\n\t\t\t\t\t\t<div class=\"elementor-element elementor-element-48104f28 elementor-widget elementor-widget-heading\" data-id=\"48104f28\" data-element_type=\"widget\" data-e-type=\"widget\" data-widget_type=\"heading.default\">\n\t\t\t\t<div class=\"elementor-widget-container\">\n\t\t\t\t\t<h2 class=\"elementor-heading-title elementor-size-default\">Verst\u00e4rken Sie unser Team<\/h2>\t\t\t\t<\/div>\n\t\t\t\t<\/div>\n\t\t\t\t\t<\/div>\n\t\t<\/div>\n\t\t\t\t<div class=\"elementor-column elementor-col-50 elementor-top-column elementor-element elementor-element-262e44a5\" data-id=\"262e44a5\" data-element_type=\"column\" data-e-type=\"column\">\n\t\t\t<div class=\"elementor-widget-wrap elementor-element-populated\">\n\t\t\t\t\t\t<div class=\"elementor-element elementor-element-949179b elementor-widget elementor-widget-text-editor\" data-id=\"949179b\" data-element_type=\"widget\" data-e-type=\"widget\" data-widget_type=\"text-editor.default\">\n\t\t\t\t<div class=\"elementor-widget-container\">\n\t\t\t\t\t\t\t\t\tSind Sie bereit Verantwortung f\u00fcr Ihren Aufgabenbereich zu \u00fcbernehmen, sich einen Einblick in interne Prozesse einer Steuerkanzlei zu verschaffen und gemeinsam mit dem Steuerberater in pers\u00f6nlicher Atmosph\u00e4re Mandate aus diversen Branchen zu betreuen? Dann sind Sie bei uns genau richtig!\t\t\t\t\t\t\t\t<\/div>\n\t\t\t\t<\/div>\n\t\t\t\t\t<\/div>\n\t\t<\/div>\n\t\t\t\t\t<\/div>\n\t\t<\/section>\n\t\t\t\t<section class=\"elementor-section elementor-top-section elementor-element elementor-element-2fe8cb34 elementor-section-boxed elementor-section-height-default elementor-section-height-default\" data-id=\"2fe8cb34\" data-element_type=\"section\" data-e-type=\"section\">\n\t\t\t\t\t\t<div class=\"elementor-container elementor-column-gap-default\">\n\t\t\t\t\t<div class=\"elementor-column elementor-col-100 elementor-top-column elementor-element elementor-element-6465b9af\" data-id=\"6465b9af\" data-element_type=\"column\" data-e-type=\"column\">\n\t\t\t<div class=\"elementor-widget-wrap elementor-element-populated\">\n\t\t\t\t\t\t<section class=\"elementor-section elementor-inner-section elementor-element elementor-element-151f30a elementor-section-full_width elementor-section-height-default elementor-section-height-default\" data-id=\"151f30a\" data-element_type=\"section\" data-e-type=\"section\">\n\t\t\t\t\t\t<div class=\"elementor-container elementor-column-gap-default\">\n\t\t\t\t\t<div class=\"elementor-column elementor-col-50 elementor-inner-column elementor-element elementor-element-fe623de\" data-id=\"fe623de\" data-element_type=\"column\" data-e-type=\"column\">\n\t\t\t<div class=\"elementor-widget-wrap elementor-element-populated\">\n\t\t\t\t\t\t<div class=\"elementor-element elementor-element-3554b5b0 elementor-widget elementor-widget-heading\" data-id=\"3554b5b0\" data-element_type=\"widget\" data-e-type=\"widget\" data-widget_type=\"heading.default\">\n\t\t\t\t<div class=\"elementor-widget-container\">\n\t\t\t\t\t<h4 class=\"elementor-heading-title elementor-size-default\">Wir suchen zur Unterst\u00fctzung unseres Teams in allen Bereichen eine(n)<\/h4>\t\t\t\t<\/div>\n\t\t\t\t<\/div>\n\t\t\t\t<div class=\"elementor-element elementor-element-5ed46319 elementor-widget elementor-widget-heading\" data-id=\"5ed46319\" data-element_type=\"widget\" data-e-type=\"widget\" data-widget_type=\"heading.default\">\n\t\t\t\t<div class=\"elementor-widget-container\">\n\t\t\t\t\t<h2 class=\"elementor-heading-title elementor-size-default\">Steuerfachangestellten \/ Steuerfachwirt (m\/w\/d)<\/h2>\t\t\t\t<\/div>\n\t\t\t\t<\/div>\n\t\t\t\t\t<\/div>\n\t\t<\/div>\n\t\t\t\t<div class=\"elementor-column elementor-col-50 elementor-inner-column elementor-element elementor-element-eaad2d5\" data-id=\"eaad2d5\" data-element_type=\"column\" data-e-type=\"column\">\n\t\t\t<div class=\"elementor-widget-wrap elementor-element-populated\">\n\t\t\t\t\t\t<div class=\"elementor-element elementor-element-cad2567 elementor-widget elementor-widget-text-editor\" data-id=\"cad2567\" data-element_type=\"widget\" data-e-type=\"widget\" data-widget_type=\"text-editor.default\">\n\t\t\t\t<div class=\"elementor-widget-container\">\n\t\t\t\t\t\t\t\t\t<strong>Wir bieten:\u00a0<\/strong><\/p>\n\n<ul>\n \t<li>eine Voll- oder Teilzeitstelle (20-40h) zum n\u00e4chstm\u00f6glichen Termin<\/li>\n \t<li>eine attraktive Verg\u00fctung<\/li>\n \t<li>einen modernen Arbeitsplatz in ruhiger Lage mit traumhaftem Blick auf Havel<\/li>\n \t<li>ein angenehmes und famili\u00e4res Arbeitsumfeld<\/li>\n \t<li>selbst\u00e4ndiges Arbeiten mit intensiver Einarbeitung<\/li>\n \t<li>Abwechslungsreiche und spannende Mandate<\/li>\n \t<li>Mitarbeit beim Auf- und Ausbau eines Qualit\u00e4tsmanagement-Systems<\/li>\n \t<li>Weiterbildungsm\u00f6glichkeiten<\/li>\n \t<li>Freiraum, neue Abl\u00e4ufe und Ideen zu entwickeln.<\/li>\n<\/ul>\t\t\t\t\t\t\t\t<\/div>\n\t\t\t\t<\/div>\n\t\t\t\t<div class=\"elementor-element elementor-element-918e127 elementor-widget elementor-widget-text-editor\" data-id=\"918e127\" data-element_type=\"widget\" data-e-type=\"widget\" data-widget_type=\"text-editor.default\">\n\t\t\t\t<div class=\"elementor-widget-container\">\n\t\t\t\t\t\t\t\t\t<p style=\"font-weight: 400;\"><strong>Ihr Arbeitsgebiet umfasst:<\/strong><\/p><ul style=\"font-weight: 400;\"><li>Laufende Finanz- und Lohnbuchhaltung<\/li><li>Erstellung von Jahresabschl\u00fcssen und Steuererkl\u00e4rungen<\/li><li>Begleitung von Betriebspr\u00fcfungen<\/li><li>Mitarbeit bei Beratungsprojekten<\/li><li>Selbstst\u00e4ndige Betreuung der eigenen Mandanten<\/li><\/ul>\t\t\t\t\t\t\t\t<\/div>\n\t\t\t\t<\/div>\n\t\t\t\t<div class=\"elementor-element elementor-element-65f79a2 elementor-widget elementor-widget-text-editor\" data-id=\"65f79a2\" data-element_type=\"widget\" data-e-type=\"widget\" data-widget_type=\"text-editor.default\">\n\t\t\t\t<div class=\"elementor-widget-container\">\n\t\t\t\t\t\t\t\t\t<p style=\"font-weight: 400;\"><strong>Was wir erwarten:<\/strong><\/p><ul style=\"font-weight: 400;\"><li>abgeschlossene Berufsausbildung zum\/zur Steuerfachangestellten oder Steuerfachwirt\/in<\/li><li>Sicherer Umgang mit DATEV-Programmen und MS-Office-Anwendungen<\/li><li>ausgepr\u00e4gte Lernbereitschaft<\/li><li>selbst\u00e4ndige, engagierte und sorgf\u00e4ltige Arbeitsweise<\/li><li>Offener und sympathischer Umgang mit Mandanten<\/li><li>Zielorientierte und selbstst\u00e4ndige Arbeitsweise sowie hohe Serviceorientierung<\/li><li>Berufserfahrung und gute Russisch-\/Englischkenntnisse w\u00e4ren von Vorteil<\/li><\/ul>\t\t\t\t\t\t\t\t<\/div>\n\t\t\t\t<\/div>\n\t\t\t\t\t<\/div>\n\t\t<\/div>\n\t\t\t\t\t<\/div>\n\t\t<\/section>\n\t\t\t\t\t<\/div>\n\t\t<\/div>\n\t\t\t\t\t<\/div>\n\t\t<\/section>\n\t\t\t\t<section class=\"elementor-section elementor-top-section elementor-element elementor-element-f8ff82d elementor-section-boxed elementor-section-height-default elementor-section-height-default\" data-id=\"f8ff82d\" data-element_type=\"section\" data-e-type=\"section\">\n\t\t\t\t\t\t<div class=\"elementor-container elementor-column-gap-default\">\n\t\t\t\t\t<div class=\"elementor-column elementor-col-100 elementor-top-column elementor-element elementor-element-dc7676a\" data-id=\"dc7676a\" data-element_type=\"column\" data-e-type=\"column\">\n\t\t\t<div class=\"elementor-widget-wrap elementor-element-populated\">\n\t\t\t\t\t\t<section class=\"elementor-section elementor-inner-section elementor-element elementor-element-acc6f20 elementor-section-full_width elementor-section-height-default elementor-section-height-default\" data-id=\"acc6f20\" data-element_type=\"section\" data-e-type=\"section\" data-settings=\"{&quot;background_background&quot;:&quot;classic&quot;}\">\n\t\t\t\t\t\t<div class=\"elementor-container elementor-column-gap-default\">\n\t\t\t\t\t<div class=\"elementor-column elementor-col-50 elementor-inner-column elementor-element elementor-element-767709f\" data-id=\"767709f\" data-element_type=\"column\" data-e-type=\"column\">\n\t\t\t<div class=\"elementor-widget-wrap elementor-element-populated\">\n\t\t\t\t\t\t<div class=\"elementor-element elementor-element-68c9845 elementor-widget elementor-widget-image\" data-id=\"68c9845\" data-element_type=\"widget\" data-e-type=\"widget\" data-widget_type=\"image.default\">\n\t\t\t\t<div class=\"elementor-widget-container\">\n\t\t\t\t\t\t\t\t\t\t\t\t\t\t\t<img fetchpriority=\"high\" decoding=\"async\" width=\"1550\" height=\"1036\" src=\"https:\/\/ilz-steuerberatung.de\/wp-content\/uploads\/2023\/02\/Steuerberater-Berlin-Spandau-1-min.jpg\" class=\"attachment-large size-large wp-image-118\" alt=\"Tatjana Ilz\" srcset=\"https:\/\/ilz-steuerberatung.de\/wp-content\/uploads\/2023\/02\/Steuerberater-Berlin-Spandau-1-min.jpg 1550w, https:\/\/ilz-steuerberatung.de\/wp-content\/uploads\/2023\/02\/Steuerberater-Berlin-Spandau-1-min-768x513.jpg 768w, https:\/\/ilz-steuerberatung.de\/wp-content\/uploads\/2023\/02\/Steuerberater-Berlin-Spandau-1-min-1536x1027.jpg 1536w\" sizes=\"(max-width: 1550px) 100vw, 1550px\" \/>\t\t\t\t\t\t\t\t\t\t\t\t\t\t\t<\/div>\n\t\t\t\t<\/div>\n\t\t\t\t\t<\/div>\n\t\t<\/div>\n\t\t\t\t<div class=\"elementor-column elementor-col-50 elementor-inner-column elementor-element elementor-element-b7fbfa7\" data-id=\"b7fbfa7\" data-element_type=\"column\" data-e-type=\"column\">\n\t\t\t<div class=\"elementor-widget-wrap elementor-element-populated\">\n\t\t\t\t\t\t<div class=\"elementor-element elementor-element-c14d48d elementor-widget elementor-widget-text-editor\" data-id=\"c14d48d\" data-element_type=\"widget\" data-e-type=\"widget\" data-widget_type=\"text-editor.default\">\n\t\t\t\t<div class=\"elementor-widget-container\">\n\t\t\t\t\t\t\t\t\tWir freuen uns auf Ihre aussagekr\u00e4ftige Bewerbung per eMail an:\t\t\t\t\t\t\t\t<\/div>\n\t\t\t\t<\/div>\n\t\t\t\t<div class=\"elementor-element elementor-element-93f75c8 elementor-icon-list--layout-traditional elementor-list-item-link-full_width elementor-widget elementor-widget-icon-list\" data-id=\"93f75c8\" data-element_type=\"widget\" data-e-type=\"widget\" data-widget_type=\"icon-list.default\">\n\t\t\t\t<div class=\"elementor-widget-container\">\n\t\t\t\t\t\t\t<ul class=\"elementor-icon-list-items\">\n\t\t\t\t\t\t\t<li class=\"elementor-icon-list-item\">\n\t\t\t\t\t\t\t\t\t\t\t<a href=\"mailto:info@ilz-steuerberatung.de\" target=\"_blank\">\n\n\t\t\t\t\t\t\t\t\t\t\t<span class=\"elementor-icon-list-text\">info@ilz-steuerberatung.de \u2192<\/span>\n\t\t\t\t\t\t\t\t\t\t\t<\/a>\n\t\t\t\t\t\t\t\t\t<\/li>\n\t\t\t\t\t\t<\/ul>\n\t\t\t\t\t\t<\/div>\n\t\t\t\t<\/div>\n\t\t\t\t\t<\/div>\n\t\t<\/div>\n\t\t\t\t\t<\/div>\n\t\t<\/section>\n\t\t\t\t\t<\/div>\n\t\t<\/div>\n\t\t\t\t\t<\/div>\n\t\t<\/section>\n\t\t\t\t<\/div>","protected":false},"excerpt":{"rendered":"<p>Karriere Stellenangebote Verst\u00e4rken Sie unser Team Sind Sie bereit Verantwortung f\u00fcr Ihren Aufgabenbereich zu \u00fcbernehmen, sich einen Einblick in interne Prozesse einer Steuerkanzlei zu verschaffen und gemeinsam mit dem Steuerberater in pers\u00f6nlicher Atmosph\u00e4re Mandate aus diversen Branchen zu betreuen? Dann sind Sie bei uns genau richtig! Wir suchen zur Unterst\u00fctzung unseres Teams in allen Bereichen [&hellip;]<\/p>\n","protected":false},"author":1,"featured_media":0,"parent":0,"menu_order":0,"comment_status":"closed","ping_status":"closed","template":"","meta":{"footnotes":""},"class_list":["post-49","page","type-page","status-publish","hentry"],"_links":{"self":[{"href":"https:\/\/ilz-steuerberatung.de\/ru\/wp-json\/wp\/v2\/pages\/49","targetHints":{"allow":["GET"]}}],"collection":[{"href":"https:\/\/ilz-steuerberatung.de\/ru\/wp-json\/wp\/v2\/pages"}],"about":[{"href":"https:\/\/ilz-steuerberatung.de\/ru\/wp-json\/wp\/v2\/types\/page"}],"author":[{"embeddable":true,"href":"https:\/\/ilz-steuerberatung.de\/ru\/wp-json\/wp\/v2\/users\/1"}],"replies":[{"embeddable":true,"href":"https:\/\/ilz-steuerberatung.de\/ru\/wp-json\/wp\/v2\/comments?post=49"}],"version-history":[{"count":17,"href":"https:\/\/ilz-steuerberatung.de\/ru\/wp-json\/wp\/v2\/pages\/49\/revisions"}],"predecessor-version":[{"id":440,"href":"https:\/\/ilz-steuerberatung.de\/ru\/wp-json\/wp\/v2\/pages\/49\/revisions\/440"}],"wp:attachment":[{"href":"https:\/\/ilz-steuerberatung.de\/ru\/wp-json\/wp\/v2\/media?parent=49"}],"curies":[{"name":"wp","href":"https:\/\/api.w.org\/{rel}","templated":true}]}}